{"id":169,"date":"2013-04-23T19:06:09","date_gmt":"2013-04-23T19:06:09","guid":{"rendered":"http:\/\/s409804199.mialojamiento.es\/?page_id=169"},"modified":"2013-06-05T12:49:05","modified_gmt":"2013-06-05T12:49:05","slug":"presentacion","status":"publish","type":"page","link":"http:\/\/imagenesdelucena.es\/?page_id=169","title":{"rendered":"Informaci\u00f3n"},"content":{"rendered":"<p><a href=\"http:\/\/imagenesdelucena.es\/wp-content\/uploads\/inf02.jpg\"><br \/>\n<img decoding=\"async\" loading=\"lazy\" class=\"size-full wp-image-562 aligncenter\" alt=\"inf02\" src=\"http:\/\/imagenesdelucena.es\/wp-content\/uploads\/inf02.jpg\" width=\"620\" height=\"229\" srcset=\"http:\/\/imagenesdelucena.es\/wp-content\/uploads\/inf02.jpg 620w, http:\/\/imagenesdelucena.es\/wp-content\/uploads\/inf02-310x114.jpg 310w, http:\/\/imagenesdelucena.es\/wp-content\/uploads\/inf02-135x49.jpg 135w, http:\/\/imagenesdelucena.es\/wp-content\/uploads\/inf02-485x179.jpg 485w\" sizes=\"(max-width: 620px) 100vw, 620px\" \/><\/a><\/p>\n<p align=\"justify\">Queremos que\u00a0<em>Im\u00e1genes de Lucena<\/em>\u00a0sea un lugar para ver y compartir desinteresadamente los instantes que hacen de Lucena el lugar que es, con sus claros y sus sombras: Momentos singulares, patrimonio presente y perdido, personajes relevantes o queridos,\u00a0para que est\u00e9n a disposici\u00f3n de todo el que desee disfrutar de este patrimonio gr\u00e1fico.<\/p>\n<p align=\"justify\">Este espacio esta abierto a la participaci\u00f3n de todo el que lo desee, bien compartiendo material gr\u00e1fico o comentando el que hay. Toda la informaci\u00f3n u oportunas correcciones que se quiera a\u00f1adir a las im\u00e1genes en forma de comentarios ser\u00e1n bienvenidas, entendiendo que este no es un espacio para el debate pol\u00edtico o la cr\u00edtica con segundas intenciones, pero s\u00ed est\u00e1 abierto a la opini\u00f3n. Si alg\u00fan colaborador desea adjuntar con sus im\u00e1genes alguna direcci\u00f3n web o email solo tiene que indicarlo.<\/p>\n<p align=\"justify\">Todas las im\u00e1genes aqu\u00ed expuestas lo est\u00e1n sin fines comerciales, si alguien desea hacer uso de alguna de estas im\u00e1genes con fines publicitarios, comerciales o de cualquier otro tipo debe ponerse en contacto con el autor de la imagen o con el titular de los derechos de esa imagen.<\/p>\n<p align=\"left\">Se pueden a\u00f1adir im\u00e1genes envi\u00e1ndolas a\u00a0<a href=\"mailto:info@imagenesdelucena.es\">info@imagenesdelucena.es<\/a>\u00a0o comparti\u00e9ndolas en la cuenta abierta en facebook\u00a0<a href=\"https:\/\/www.facebook.com\/imagenesdelucena\">https:\/\/www.facebook.com\/imagenesdelucena<\/a>.<\/p>\n<p align=\"right\"><strong> <em> Im\u00e1genes de Lucena<\/em><\/strong><\/p>\n<p style=\"text-align: center;\" align=\"right\">_________________________________________________<\/p>\n<p style=\"text-align: left;\" align=\"right\"><span style=\"font-size: x-large;\">Manual de Ayuda<\/span><\/p>\n<p style=\"text-align: left;\" align=\"justify\">Situando\u00a0el rat\u00f3n sobre las im\u00e1genes se ofrecen tres posibilidades:<\/p>\n<p style=\"text-align: left;\" align=\"justify\"><a href=\"http:\/\/imagenesdelucena.es\/wp-content\/uploads\/enlarge1.jpg\"><img decoding=\"async\" loading=\"lazy\" class=\"alignnone size-full wp-image-1055\" alt=\"__enlarge\" src=\"http:\/\/imagenesdelucena.es\/wp-content\/uploads\/enlarge1.jpg\" width=\"60\" height=\"60\" \/><\/a>\u00a0 <strong>AUMENTAR<\/strong>: Aumenta el tama\u00f1o de la imagen y permite ver las im\u00e1genes consecutivas en forma de pase por medio de las flechas, tambi\u00e9n se pueden pasar las im\u00e1genes pulsando sobre las im\u00e1genes y salir haciendo click fuera de la imagen.<\/p>\n<p style=\"text-align: left;\" align=\"justify\"><a href=\"http:\/\/imagenesdelucena.es\/wp-content\/uploads\/share1.jpg\"><img decoding=\"async\" loading=\"lazy\" alt=\"__share\" src=\"http:\/\/imagenesdelucena.es\/wp-content\/uploads\/share1.jpg\" width=\"64\" height=\"64\" \/><\/a>\u00a0\u00a0<strong>COMPARTIR<\/strong>: Crea un enlace para compartir la imagen en redes sociales, facebook, twitter, email, etc.<\/p>\n<p style=\"text-align: left;\" align=\"justify\"><a href=\"http:\/\/imagenesdelucena.es\/wp-content\/uploads\/comment1.jpg\"><img decoding=\"async\" loading=\"lazy\" alt=\"__comment\" src=\"http:\/\/imagenesdelucena.es\/wp-content\/uploads\/comment1.jpg\" width=\"64\" height=\"64\" \/><\/a>\u00a0\u00a0<strong>COMENTAR<\/strong>: Permite escribir comentarios sobre la imagen.<\/p>\n<p align=\"justify\"><strong><a href=\"http:\/\/imagenesdelucena.es\/wp-content\/uploads\/buscar.jpg\"><img decoding=\"async\" loading=\"lazy\" class=\"alignnone size-full wp-image-541\" alt=\"__buscar\" src=\"http:\/\/imagenesdelucena.es\/wp-content\/uploads\/buscar.jpg\" width=\"87\" height=\"39\" \/><\/a>\u00a0\u00a0BUSCAR IM\u00c1GENES:<\/strong>\u00a0El buscador de fotograf\u00edas se encuentra en los apartados VIDEOS, INFORMACI\u00d3N y CONTACTO. Las b\u00fasquedas se realizan sobre palabras clave, por ejemplo escribir \u00a0\u00abAraceli\u00bb para buscar Ntra. Sra. Virgen de Araceli, o por autor, por el nombre o alguno de sus apellidos.<\/p>\n<p align=\"justify\"><a href=\"http:\/\/imagenesdelucena.es\/wp-content\/uploads\/fotografias.jpg\"><img decoding=\"async\" loading=\"lazy\" class=\"alignnone size-full wp-image-545\" alt=\"__fotografias\" src=\"http:\/\/imagenesdelucena.es\/wp-content\/uploads\/fotografias.jpg\" width=\"125\" height=\"39\" \/><\/a>\u00a0 <strong>ETIQUETAS:<\/strong>\u00a0Igualmente\u00a0en los apartados VIDEOS, INFORMACI\u00d3N y CONTACTO, se pueden agrupar las im\u00e1genes en dos etiquetas distintas: Actuales y Antiguas.<\/p>\n<p style=\"text-align: center;\" align=\"right\">_________________________________________________<\/p>\n<p style=\"text-align: left;\" align=\"right\"><span style=\"font-size: x-large;\">Agradecimientos<\/span><\/p>\n<p style=\"text-align: left;\" align=\"right\">En primer lugar hay que agradecer a todos los que han participado hasta ahora con sus im\u00e1genes y a los que en el futuro deseen hacerlo, y agradecer tambi\u00e9n a <a href=\"http:\/\/thzimage.com\/web\/web.htm\" target=\"_blank\">thzimage<\/a>\u00a0por el dise\u00f1o y desarrollo de esta web.<\/p>\n<p><a href=\"http:\/\/thzimage.com\/web\/web.htm\" target=\"_blank\"><img decoding=\"async\" loading=\"lazy\" class=\"size-full wp-image-566 alignright\" alt=\"thzimage9wt2b\" src=\"http:\/\/imagenesdelucena.es\/wp-content\/uploads\/thzimage9wt2b1.jpg\" width=\"258\" height=\"57\" srcset=\"http:\/\/imagenesdelucena.es\/wp-content\/uploads\/thzimage9wt2b1.jpg 258w, http:\/\/imagenesdelucena.es\/wp-content\/uploads\/thzimage9wt2b1-135x29.jpg 135w\" sizes=\"(max-width: 258px) 100vw, 258px\" \/><\/a><\/p>\n<p>&nbsp;<\/p>\n<p>.<\/p>\n","protected":false},"excerpt":{"rendered":"<p>Queremos que\u00a0Im\u00e1genes de Lucena\u00a0sea un lugar para ver y compartir desinteresadamente los instantes que hacen de Lucena el lugar que es, con sus claros y sus sombras: Momentos singulares, patrimonio presente y perdido, personajes relevantes o queridos,\u00a0para que est\u00e9n a disposici\u00f3n de todo el que desee disfrutar de este patrimonio gr\u00e1fico. Este espacio esta abierto [&hellip;]<\/p>\n","protected":false},"author":1,"featured_media":0,"parent":0,"menu_order":0,"comment_status":"closed","ping_status":"closed","template":"","meta":{"_et_pb_use_builder":"","_et_pb_old_content":""},"_links":{"self":[{"href":"http:\/\/imagenesdelucena.es\/index.php?rest_route=\/wp\/v2\/pages\/169"}],"collection":[{"href":"http:\/\/imagenesdelucena.es\/index.php?rest_route=\/wp\/v2\/pages"}],"about":[{"href":"http:\/\/imagenesdelucena.es\/index.php?rest_route=\/wp\/v2\/types\/page"}],"author":[{"embeddable":true,"href":"http:\/\/imagenesdelucena.es\/index.php?rest_route=\/wp\/v2\/users\/1"}],"replies":[{"embeddable":true,"href":"http:\/\/imagenesdelucena.es\/index.php?rest_route=%2Fwp%2Fv2%2Fcomments&post=169"}],"version-history":[{"count":61,"href":"http:\/\/imagenesdelucena.es\/index.php?rest_route=\/wp\/v2\/pages\/169\/revisions"}],"predecessor-version":[{"id":279,"href":"http:\/\/imagenesdelucena.es\/index.php?rest_route=\/wp\/v2\/pages\/169\/revisions\/279"}],"wp:attachment":[{"href":"http:\/\/imagenesdelucena.es\/index.php?rest_route=%2Fwp%2Fv2%2Fmedia&parent=169"}],"curies":[{"name":"wp","href":"https:\/\/api.w.org\/{rel}","templated":true}]}}