{"id":172,"date":"2013-04-23T19:06:42","date_gmt":"2013-04-23T19:06:42","guid":{"rendered":"http:\/\/s409804199.mialojamiento.es\/?page_id=172"},"modified":"2013-06-05T12:50:19","modified_gmt":"2013-06-05T12:50:19","slug":"videos","status":"publish","type":"page","link":"http:\/\/imagenesdelucena.es\/?page_id=172","title":{"rendered":"Videos"},"content":{"rendered":"<p><iframe loading=\"lazy\" src=\"http:\/\/www.youtube.com\/embed\/Imx5vPrA4S4\" height=\"315\" width=\"560\" allowfullscreen=\"\" frameborder=\"0\"><\/iframe><br \/>\nCastillo del Moral<br \/>\nvideo: thzimage<\/p>\n<p>&nbsp;<\/p>\n<p><iframe loading=\"lazy\" src=\"http:\/\/www.youtube.com\/embed\/VG_f2Emks3Q\" height=\"315\" width=\"560\" allowfullscreen=\"\" frameborder=\"0\"><\/iframe><br \/>\nPalacio de los Condes de Santa Ana<br \/>\nvideo: thzimage<\/p>\n<p>&nbsp;<\/p>\n<p><iframe loading=\"lazy\" src=\"http:\/\/www.youtube.com\/embed\/MtUfyhGtub4\" height=\"315\" width=\"420\" allowfullscreen=\"\" frameborder=\"0\"><\/iframe><br \/>\nLUCENA en la Antiguedad 1895 &#8211; 2013<br \/>\nvideo: Curro Lucena<\/p>\n<p>&nbsp;<\/p>\n<p><iframe loading=\"lazy\" src=\"http:\/\/www.youtube.com\/embed\/o2Qe5NbskGc\" height=\"315\" width=\"560\" allowfullscreen=\"\" frameborder=\"0\"><\/iframe><br \/>\nBas\u00edlica de Coracho<br \/>\nvideo: thzimage<\/p>\n<p>&nbsp;<\/p>\n<p><iframe loading=\"lazy\" src=\"http:\/\/www.youtube.com\/embed\/4Xb3yTbwQew\" height=\"315\" width=\"560\" allowfullscreen=\"\" frameborder=\"0\"><\/iframe><br \/>\nAlfar Romano<br \/>\nvideo: thzimage<\/p>\n<p>&nbsp;<\/p>\n<p><iframe loading=\"lazy\" src=\"http:\/\/www.youtube.com\/embed\/n3wAGRuWcZc\" height=\"315\" width=\"560\" allowfullscreen=\"\" frameborder=\"0\"><\/iframe><br \/>\nSima de la Cueva del \u00c1ngel<br \/>\nvideo: thzimage<\/p>\n<p>&nbsp;<\/p>\n<p><iframe loading=\"lazy\" src=\"http:\/\/www.youtube.com\/embed\/KgVWjTFDEnM\" height=\"315\" width=\"420\" allowfullscreen=\"\" frameborder=\"0\"><\/iframe><br \/>\nTodo Turismo &#8211; Andaluc\u00eda Turismo y Comercio<br \/>\nvideo: Junta de Andaluc\u00eda<\/p>\n<p>&nbsp;<\/p>\n<p><iframe loading=\"lazy\" src=\"http:\/\/www.youtube.com\/embed\/GDyo6lDpOII\" height=\"315\" width=\"560\" allowfullscreen=\"\" frameborder=\"0\"><\/iframe><br \/>\nLucena Centro<br \/>\nvideo: thzimage<\/p>\n<p>&nbsp;<\/p>\n<p><iframe loading=\"lazy\" src=\"http:\/\/www.youtube.com\/embed\/NlyFK-ZOf60\" height=\"315\" width=\"420\" allowfullscreen=\"\" frameborder=\"0\"><\/iframe><br \/>\nLUCENA ( Sus Calles su Gente 3\u00aa Parte ) 1983<br \/>\nvideo: Curro Lucena<\/p>\n<p>&nbsp;<\/p>\n<p><iframe loading=\"lazy\" src=\"http:\/\/www.youtube.com\/embed\/XRKPIjdXG-k\" height=\"315\" width=\"420\" allowfullscreen=\"\" frameborder=\"0\"><\/iframe><br \/>\nLUCENA ( Sus Calles su Gente 3\u00aa Parte ) 1983<br \/>\nvideo: Curro Lucena<\/p>\n<p>&nbsp;<\/p>\n<p><iframe loading=\"lazy\" src=\"http:\/\/www.youtube.com\/embed\/TSbc_WzB7HE\" height=\"315\" width=\"420\" allowfullscreen=\"\" frameborder=\"0\"><\/iframe><br \/>\nLUCENA ( Sus Calles su Gente 3\u00aa Parte ) 1983<br \/>\nvideo: Curro Lucena<\/p>\n<p>&nbsp;<\/p>\n<p><iframe loading=\"lazy\" src=\"http:\/\/www.youtube.com\/embed\/DTZA2vuOeok\" height=\"315\" width=\"560\" allowfullscreen=\"\" frameborder=\"0\"><\/iframe><br \/>\nAndaluc\u00eda es de cine &#8211; Lucena en vista de pajaro<br \/>\nvideo: Canal Sur<\/p>\n<p>&nbsp;<\/p>\n<p><iframe loading=\"lazy\" src=\"http:\/\/www.youtube.com\/embed\/ITHoxOovlVA\" height=\"315\" width=\"420\" allowfullscreen=\"\" frameborder=\"0\"><\/iframe><br \/>\nSemana Santa de Lucena<br \/>\nvideo: Con M de Moviola<\/p>\n<p>&nbsp;<\/p>\n<p><iframe loading=\"lazy\" src=\"http:\/\/www.youtube.com\/embed\/cMnlQJOvUCk\" height=\"315\" width=\"560\" allowfullscreen=\"\" frameborder=\"0\"><\/iframe><br \/>\nSemana Santa Chiquita, FITUR<br \/>\nvideo: thzimage<\/p>\n<p>&nbsp;<\/p>\n<p><iframe loading=\"lazy\" src=\"https:\/\/www.facebook.com\/video\/embed?video_id=520948891290617\" height=\"315\" width=\"560\" frameborder=\"0\"><\/iframe><br \/>\nPlaza Nueva Nevando a las 7:15 (2013)<br \/>\nvideo: Alberto Jos\u00e9 Mu\u00f1oz<\/p>\n<p>&nbsp;<\/p>\n","protected":false},"excerpt":{"rendered":"<p>Castillo del Moral video: thzimage &nbsp; Palacio de los Condes de Santa Ana video: thzimage &nbsp; LUCENA en la Antiguedad 1895 &#8211; 2013 video: Curro Lucena &nbsp; Bas\u00edlica de Coracho video: thzimage &nbsp; Alfar Romano video: thzimage &nbsp; Sima de la Cueva del \u00c1ngel video: thzimage &nbsp; Todo Turismo &#8211; Andaluc\u00eda Turismo y Comercio video: [&hellip;]<\/p>\n","protected":false},"author":1,"featured_media":0,"parent":0,"menu_order":0,"comment_status":"closed","ping_status":"closed","template":"","meta":{"_et_pb_use_builder":"","_et_pb_old_content":""},"_links":{"self":[{"href":"http:\/\/imagenesdelucena.es\/index.php?rest_route=\/wp\/v2\/pages\/172"}],"collection":[{"href":"http:\/\/imagenesdelucena.es\/index.php?rest_route=\/wp\/v2\/pages"}],"about":[{"href":"http:\/\/imagenesdelucena.es\/index.php?rest_route=\/wp\/v2\/types\/page"}],"author":[{"embeddable":true,"href":"http:\/\/imagenesdelucena.es\/index.php?rest_route=\/wp\/v2\/users\/1"}],"replies":[{"embeddable":true,"href":"http:\/\/imagenesdelucena.es\/index.php?rest_route=%2Fwp%2Fv2%2Fcomments&post=172"}],"version-history":[{"count":21,"href":"http:\/\/imagenesdelucena.es\/index.php?rest_route=\/wp\/v2\/pages\/172\/revisions"}],"predecessor-version":[{"id":2850,"href":"http:\/\/imagenesdelucena.es\/index.php?rest_route=\/wp\/v2\/pages\/172\/revisions\/2850"}],"wp:attachment":[{"href":"http:\/\/imagenesdelucena.es\/index.php?rest_route=%2Fwp%2Fv2%2Fmedia&parent=172"}],"curies":[{"name":"wp","href":"https:\/\/api.w.org\/{rel}","templated":true}]}}