{"id":1891,"date":"2013-05-16T20:09:36","date_gmt":"2013-05-16T20:09:36","guid":{"rendered":"http:\/\/imagenesdelucena.es\/?page_id=1891"},"modified":"2013-06-05T12:48:01","modified_gmt":"2013-06-05T12:48:01","slug":"buscar","status":"publish","type":"page","link":"http:\/\/imagenesdelucena.es\/?page_id=1891","title":{"rendered":"Buscar"},"content":{"rendered":"<p align=\"justify\"><img decoding=\"async\" loading=\"lazy\" class=\"size-full wp-image-1890 alignright\" alt=\"\" src=\"http:\/\/imagenesdelucena.es\/wp-content\/uploads\/flecha2.jpg\" width=\"58\" height=\"58\" \/><\/p>\n<p align=\"justify\"><strong>IM\u00c1GENES DE UN MISMO TEMA:<\/strong>\u00a0Las b\u00fasquedas se realizan \u00a0sobre palabras clave, solo es necesario introducir una palabra de la frase que se desea buscar.<\/p>\n<p align=\"center\">_________________________________________________<\/p>\n<p style=\"text-align: left;\" align=\"right\"><strong><span style=\"font-size: x-large;\">B\u00fasquedas predefinidas:<\/span><\/strong><\/p>\n<ul>\n<li><strong><a href=\"http:\/\/imagenesdelucena.es\/?cat=1\" target=\"_blank\">Fotograf\u00edas Antiguas<\/a><\/strong><\/li>\n<li><strong><a href=\"http:\/\/imagenesdelucena.es\/?cat=5\" target=\"_blank\">Fotograf\u00edas Modernas<\/a><\/strong><\/li>\n<li><strong><a href=\"http:\/\/imagenesdelucena.es\/?s=desapar\" target=\"_blank\">Patrimonio desaparecido<\/a><\/strong><\/li>\n<li><strong><a href=\"http:\/\/imagenesdelucena.es\/?s=detalle\" target=\"_blank\">Detalles lucentinos<\/a><\/strong><\/li>\n<li><strong><a href=\"http:\/\/imagenesdelucena.es\/?s=ayer+hoy\">Ayer y Hoy en Lucena<\/a><\/strong><\/li>\n<li><strong><a href=\"http:\/\/imagenesdelucena.es\/?s=fuente\">Las Fuentes de Lucena<\/a><\/strong><\/li>\n<li><strong><a href=\"http:\/\/imagenesdelucena.es\/?s=ermita\">Ermitas de Lucena<\/a><\/strong><\/li>\n<li><strong><a href=\"http:\/\/imagenesdelucena.es\/?s=virgen+araceli\" target=\"_blank\">Ntra. Sra. Virgen de Araceli<\/a><\/strong><\/li>\n<li><strong><a href=\"http:\/\/imagenesdelucena.es\/?s=Eliossana\" target=\"_blank\">Eliossana: La Perla de Sefarad<\/a><\/strong><\/li>\n<li><strong><a href=\"http:\/\/imagenesdelucena.es\/?s=castillo\" target=\"_blank\">Castillo del Moral<\/a><\/strong><\/li>\n<li><strong><a href=\"http:\/\/imagenesdelucena.es\/?s=peso\" target=\"_blank\">Calle El Peso<\/a><\/strong><\/li>\n<li><strong><a href=\"http:\/\/imagenesdelucena.es\/?s=santiago\" target=\"_blank\">El Barrio de Santiago<\/a><\/strong><\/li>\n<li><strong><a href=\"http:\/\/imagenesdelucena.es\/?s=coso\">Paseo del Coso. Plaza de Espa\u00f1a<\/a><\/strong><\/li>\n<li><strong><a href=\"http:\/\/imagenesdelucena.es\/?s=rojas\">Paseo de Rojas<\/a><\/strong><\/li>\n<li><strong><a href=\"http:\/\/imagenesdelucena.es\/?s=santuario\">Santuario de la Virgen de Araceli<\/a><\/strong><\/li>\n<li><strong><a href=\"http:\/\/imagenesdelucena.es\/?s=Palacio+Santa+Ana\">Palacio de los Condes de Santa Ana<\/a><\/strong><\/li>\n<li><strong><a href=\"http:\/\/imagenesdelucena.es\/?s=Semana+Santa\">Semana Santa lucentina<\/a><\/strong><\/li>\n<\/ul>\n","protected":false},"excerpt":{"rendered":"<p>IM\u00c1GENES DE UN MISMO TEMA:\u00a0Las b\u00fasquedas se realizan \u00a0sobre palabras clave, solo es necesario introducir una palabra de la frase que se desea buscar. _________________________________________________ B\u00fasquedas predefinidas: Fotograf\u00edas Antiguas Fotograf\u00edas Modernas Patrimonio desaparecido Detalles lucentinos Ayer y Hoy en Lucena Las Fuentes de Lucena Ermitas de Lucena Ntra. Sra. Virgen de Araceli Eliossana: La Perla [&hellip;]<\/p>\n","protected":false},"author":1,"featured_media":0,"parent":0,"menu_order":0,"comment_status":"closed","ping_status":"closed","template":"","meta":{"_et_pb_use_builder":"","_et_pb_old_content":""},"_links":{"self":[{"href":"http:\/\/imagenesdelucena.es\/index.php?rest_route=\/wp\/v2\/pages\/1891"}],"collection":[{"href":"http:\/\/imagenesdelucena.es\/index.php?rest_route=\/wp\/v2\/pages"}],"about":[{"href":"http:\/\/imagenesdelucena.es\/index.php?rest_route=\/wp\/v2\/types\/page"}],"author":[{"embeddable":true,"href":"http:\/\/imagenesdelucena.es\/index.php?rest_route=\/wp\/v2\/users\/1"}],"replies":[{"embeddable":true,"href":"http:\/\/imagenesdelucena.es\/index.php?rest_route=%2Fwp%2Fv2%2Fcomments&post=1891"}],"version-history":[{"count":33,"href":"http:\/\/imagenesdelucena.es\/index.php?rest_route=\/wp\/v2\/pages\/1891\/revisions"}],"predecessor-version":[{"id":2848,"href":"http:\/\/imagenesdelucena.es\/index.php?rest_route=\/wp\/v2\/pages\/1891\/revisions\/2848"}],"wp:attachment":[{"href":"http:\/\/imagenesdelucena.es\/index.php?rest_route=%2Fwp%2Fv2%2Fmedia&parent=1891"}],"curies":[{"name":"wp","href":"https:\/\/api.w.org\/{rel}","templated":true}]}}